{"id":12920,"date":"2023-09-06T09:21:51","date_gmt":"2023-09-06T09:21:51","guid":{"rendered":"https:\/\/byebyegroup.com\/aviso-legal\/"},"modified":"2024-10-21T11:29:35","modified_gmt":"2024-10-21T11:29:35","slug":"aviso-legal","status":"publish","type":"page","link":"https:\/\/byebyegroup.com\/es\/aviso-legal\/","title":{"rendered":"Aviso Legal"},"content":{"rendered":"\t\t<div data-elementor-type=\"wp-page\" data-elementor-id=\"12920\" class=\"elementor elementor-12920 elementor-10654\" data-elementor-post-type=\"page\">\n\t\t\t\t\t\t<section class=\"elementor-section elementor-top-section elementor-element elementor-element-308ff8d elementor-section-height-min-height elementor-section-boxed elementor-section-height-default elementor-section-items-middle\" data-id=\"308ff8d\" data-element_type=\"section\" data-settings=\"{&quot;background_background&quot;:&quot;classic&quot;}\">\n\t\t\t\t\t\t\t<div class=\"elementor-background-overlay\"><\/div>\n\t\t\t\t\t\t\t<div class=\"elementor-container elementor-column-gap-default\">\n\t\t\t\t\t<div class=\"elementor-column elementor-col-100 elementor-top-column elementor-element elementor-element-2577c49\" data-id=\"2577c49\" data-element_type=\"column\">\n\t\t\t<div class=\"elementor-widget-wrap elementor-element-populated\">\n\t\t\t\t\t\t<div class=\"elementor-element elementor-element-b34dce7 elementor-widget elementor-widget-heading\" data-id=\"b34dce7\" data-element_type=\"widget\" data-widget_type=\"heading.default\">\n\t\t\t\t<div class=\"elementor-widget-container\">\n\t\t\t\t\t<h1 class=\"elementor-heading-title elementor-size-default\">Aviso Legal<\/h1>\t\t\t\t<\/div>\n\t\t\t\t<\/div>\n\t\t\t\t\t<\/div>\n\t\t<\/div>\n\t\t\t\t\t<\/div>\n\t\t<\/section>\n\t\t\t\t<section class=\"elementor-section elementor-top-section elementor-element elementor-element-5763198b elementor-section-boxed elementor-section-height-default elementor-section-height-default\" data-id=\"5763198b\" data-element_type=\"section\">\n\t\t\t\t\t\t<div class=\"elementor-container elementor-column-gap-default\">\n\t\t\t\t\t<div class=\"elementor-column elementor-col-100 elementor-top-column elementor-element elementor-element-2a5852f8\" data-id=\"2a5852f8\" data-element_type=\"column\">\n\t\t\t<div class=\"elementor-widget-wrap elementor-element-populated\">\n\t\t\t\t\t\t<div class=\"elementor-element elementor-element-2560c66a elementor-widget elementor-widget-text-editor\" data-id=\"2560c66a\" data-element_type=\"widget\" data-widget_type=\"text-editor.default\">\n\t\t\t\t<div class=\"elementor-widget-container\">\n\t\t\t\t\t\t\t\t\t\r\n<h4 class=\"title-style-2\">1. IDENTIDAD DEL TITULAR DE LA WEB<\/h4>\r\n<p class=\"title-style-2\">FINALIA VIAJES, S.L. con CIF B65847170, con domicilio en Igualada (Barcelona), en C\/ GIRONA 34, y correo electr\u00f3nico info@finalia.es es Titular de esta web, con dominio http:\/\/www.byebyegroup.com\/.<\/p>\r\n\r\n<h4 class=\"title-style-2\">2. ACEPTACI\u00d3N DE LAS CONDICIONES DE USO<\/h4>\r\n<p class=\"title-style-2\">La utilizaci\u00f3n de este sitio web atribuye al navegante, sea persona f\u00edsica o jur\u00eddica, la condici\u00f3n de USUARIO, lo que implica la adhesi\u00f3n a los t\u00e9rminos y condiciones que a continuaci\u00f3n s indican. A todos los efectos, se contemplar\u00e1n los t\u00e9rminos y condiciones en la versi\u00f3n publicada en el momento en que se produce el acceso. Se recomienda al USUARIO leer atentamente los t\u00e9rminos y condiciones que a continuaci\u00f3n se detallan antes de utilizar los servicios ofrecidos. Asimismo, el acceso a determinados servicios a trav\u00e9s de este sitio web puede encontrarse sometido a ciertas condiciones particulares propias que, seg\u00fan los casos, sustituyen, completan y\/o modifican estas condiciones generales. Por tanto, con anterioridad al acceso y\/o utilizaci\u00f3n de nuestros servicios, el USUARIO debe leer atentamente tambi\u00e9n las correspondientes condiciones particulares. En caso de no aceptar las condiciones de uso, deber\u00e1 abstenerse de acceder y utilizar los servicios contenidos en esta Web. Las presentes condiciones de uso regulan el uso gen\u00e9rico de la Web por parte del USUARIO que tiene la posibilidad de visualizarla e imprimirlas. El Titular de la Web se reserva el derecho a modificar o suprimir en cualquier momento y sin previo aviso los contenidos, servicios e informaciones que se encuentran en esta Web, as\u00ed como a limitar o cancelar los t\u00e9rminos y condiciones aplicables a la Web.<\/p>\r\n\r\n<h4 class=\"title-style-2\">3. PROPIEDAD INTELECTUAL E INDUSTRIAL<\/h4>\r\n<p class=\"title-style-2\">El contenido de esta Web se encuentra protegido por las Leyes sobre Propiedad Intelectual e Industrial. El sitio web, incluyendo t\u00edtulo enunciativo pero no limitativo, su programaci\u00f3n, edici\u00f3n, compilaci\u00f3n y otros elementos necesarios para su funcionamiento, los dise\u00f1os, logotipos, texto y\/o gr\u00e1ficos son propiedad del responsable de la Web o en su caso dispone de licencia o autorizaci\u00f3n expresa por parte de los autores. Independientemente de la finalidad para la que fuesen destinados, la reproducci\u00f3n total o parcial, uso, explotaci\u00f3n, distribuci\u00f3n y comercializaci\u00f3n, requiere en todo caso de la autorizaci\u00f3n escrita previa por parte del Titular de la Web. La infracci\u00f3n de cualquiera de los citados derechos podr\u00e1 constituir una vulneraci\u00f3n de las presentes disposiciones, as\u00ed como un delito castigado con arreglo a los art\u00edculos 270 y siguientes del C\u00f3digo Penal. Los dise\u00f1os, logotipos, texto y\/o gr\u00e1ficos ajenos al responsable de la Web y que pudieran aparecer en el sitio web, pertenecen a sus respectivos propietarios, siendo ellos mismos responsables de cualquier posible controversia que pudiera suscitarse respecto a \u00e9stos. En cualquier caso, se cuenta con la autorizaci\u00f3n expresa y previa por parte de \u00e9stos. Las reclamaciones que pudieran interponerse por los USUARIOS en relaci\u00f3n a posibles incumplimientos de los derechos de propiedad intelectual o industrial sobre cualesquiera de los contenidos de este sitio web deber\u00e1n dirigirse al correo electr\u00f3nico info@finalia.es<\/p>\r\n\r\n<h4 class=\"title-style-2\">4. ACCESO A LA WEB<\/h4>\r\n<p class=\"title-style-2\">Nuestra Web puede ser visitada por cualquier USUARIO de forma libre y gratuita. Los datos de Car\u00e1cter Personal que nos facilite ser\u00e1n siempre tratados de conformidad con lo dispuesto en la normativa vigente.<\/p>\r\n\r\n<h4 class=\"title-style-2\">5. USO CORRECTO DEL SITIO WEB<\/h4>\r\n<p class=\"title-style-2\">El USUARIO se compromete a utilizar la Web, los contenidos y los servicios de acuerdo con la Ley, con las buenas costumbres y el orden p\u00fablico. El USUARIO se obliga y compromete a:\r\n\u2022 No utilizar la Web o los servicios que se prestan a trav\u00e9s de ella con fines o efectos il\u00edcitos o contrarios al contenido de este Aviso Legal que lesionen los intereses o derechos de terceros, o que de cualquier forma pueda da\u00f1ar, inutilizar o deteriorar la Web o sus servicios o impedir un uso satisfactorio de la Web a otros usuarios.\r\n\u2022 No destruir, alterar, inutilizar o, de cualquier otra forma, da\u00f1ar los datos, programas o documentos electr\u00f3nicos y otros que se encuentren en la Web.\r\n\u2022 No introducir programas, virus, macroinstrucciones, miniaplicaciones o cualquier otro dispositivo l\u00f3gico o secuencia de caracteres que causen o puedan causar cualquier tipo de alteraci\u00f3n en los sistemas inform\u00e1ticos del responsable de la Web o de terceros.\r\n\u2022 No hacer mal uso de informaciones, mensajes, gr\u00e1ficos, dibujos, archivos de sonido y\/o imagen, fotograf\u00edas, grabaciones, software y, en general, cualquier clase de material accesible a trav\u00e9s de la Web o de los servicios que ofrece.\r\n\u2022 No introducir actuaciones, actitudes o ideas discriminatorias por raz\u00f3n de sexo, raza, religi\u00f3n, creencias, edad o condici\u00f3n.derecho a denegar o retirar el acceso a la Web y\/oa los servicios en cualquier momento y sin necesidad de previo aviso a aquellos USUARIOS que incumplan estas condiciones generales.<\/p>\r\n\r\n<h4 class=\"title-style-2\">6. R\u00c9GIMEN DE RESPONSABILIDAD<\/h4>\r\n<p class=\"title-style-2\">El responsable de la web no se har\u00e1 responsable, directa ni subsidiariamente de:\r\n\u2022 La calidad del servicio, la velocidad de acceso, el correcto funcionamiento ni la disponibilidad ni continuidad de funcionamiento de la Web.\r\n\u2022 Que existan interrupciones del servicio, demoras, errores, mal funcionamiento del mismo y, en general, otros inconvenientes que tengan su origen debido a que escapan del control del Titular de la Web.\r\n\u2022 Una actuaci\u00f3n dolosa o culposa del USUARIO y\/o tenga por origen causas de fuerza mayor. En cualquier caso, sea cual fuere su causa.\r\n\u2022 Da\u00f1os directos o indirectos, mal emergente y\/o por lucro cesante.\r\n\u2022 Los contenidos y opiniones de terceros ni de la informaci\u00f3n contenida en p\u00e1ginas Web de terceros a las que se pueda acceder por Enlaces o buscadores del sitio web.\r\n\u2022 Los da\u00f1os que puedan causarse en los equipos de los USUARIOS por posibles virus inform\u00e1ticos contra\u00eddos a causa de su navegaci\u00f3n en el sitio web o por cualquier otro mal derivado de esa navegaci\u00f3n.\r\n\u2022 Del incumplimiento de la Ley, la moral y buenas costumbres generalmente aceptadas o el orden p\u00fablico a consecuencia de la transmisi\u00f3n, difusi\u00f3n, almacenamiento, puesta a disposici\u00f3n, recepci\u00f3n, obtenci\u00f3n o acceso a los contenidos.\r\n\u2022 Los vicios, y defectos de toda clase de los contenidos transmitidos, difundidos, almacenados o lugares a disposici\u00f3n, la falta de actualizaci\u00f3n o exactitud de \u00e9stos, ni de su calidad cient\u00edfica en su caso.\r\n\u2022 Asimismo, el Titular no garantiza que la Web y el servidor est\u00e9n libres de virus y no se hace responsable de los da\u00f1os causados \u200b\u200bpor el acceso a la Web o por la imposibilidad de acceder.\r\n\u2022 El Titular tendr\u00e1 derecho, sin que exista indemnizaci\u00f3n alguna al USUARIO por estos conceptos, a suspender temporalmente los servicios y contenidos del sitio web para efectuar operaciones de mantenimiento, mejora o reparaci\u00f3n de los mismos.<\/p>\r\n\r\n<h4 class=\"title-style-2\">7. PROTECCI\u00d3N DE DATOS<\/h4>\r\n<p class=\"title-style-2\">De conformidad con lo que se establece en la Ley org\u00e1nica 3\/2018 de Protecci\u00f3n de Datos Personales y garant\u00eda de los derechos digitales, le informamos que la informaci\u00f3n que facilite el Usuario ser\u00e1 incorporada en el sistema de tratamiento titularidad del Responsable con el fin de poder facilitar, agilizar y cumplir los compromisos establecidos entre ambas partes. Asimismo, el Titular y Responsable informa que los datos ser\u00e1n conservados durante el plazo estrictamente necesario para cumplir con los preceptos citados con anterioridad. Mientras Ud. no comunique lo contrario, entenderemos que sus datos no han sido modificados, que usted se compromete a notificarnos cualquier variaci\u00f3n y que tenemos su consentimiento para utilizarlos para los fines mencionados. Se le informa de que proceder\u00e1 a tratar los datos de forma l\u00edcita, leal, transparente, adecuada, pertinente, limitada, exacta y actualizada. Por ello, el Responsable se compromete a adoptar todas las medidas razonables para que \u00e9stos se supriman o rectifiquen sin dilaci\u00f3n cuando sean inexactas. De acuerdo con los derechos que le confiere la normativa vigente en materia de Protecci\u00f3n de Datos, el Usuario podr\u00e1 ejercer los derechos de acceso, rectificaci\u00f3n, limitaci\u00f3n de tratamiento, supresi\u00f3n, portabilidad y oposici\u00f3n al tratamiento de sus datos de car\u00e1cter personal as\u00ed como del consentimiento prestado para el tratamiento de \u00e9stos, debiendo dirigir su petici\u00f3n por escrito e identific\u00e1nose lo suficiente a la direcci\u00f3n citada en el punto 1. Asimismo, tambi\u00e9n podr\u00e1 dirigirse a la Autoridad de Control para presentar la reclamaci\u00f3n que considere oportuna.<\/p>\r\n\r\n<h4 class=\"title-style-2\">8. PUBLICIDAD<\/h4>\r\n<p class=\"title-style-2\">Conforme a lo regulado por la Ley 34\/2002, de 11 de julio, de Servicios de la Sociedad de la Informaci\u00f3n y Comercio Electr\u00f3nico (LSSICE) la pol\u00edtica respecto al correo electr\u00f3nico se centra al remitir \u00fanicamente comunicaciones que el USUARIO haya solicitado recibir habiendo trasladado de manera voluntaria y expresa su consentimiento. Si Usuario desea recibir estas comunicaciones, deber\u00e1 dirigirse su petici\u00f3n por escrito e identific\u00e1ndolo suficiente a la direcci\u00f3n electronica info@finalia.es<\/p>\r\n\r\n<h4 class=\"title-style-2\">9. LEGISLACI\u00d3N APLICABLE Y COMPETENCIA JUDICIAL<\/h4>\r\n<p class=\"title-style-2\">Las presentes condiciones est\u00e1n redactadas en espa\u00f1ol, y se encuentran sometidas a la legislaci\u00f3n espa\u00f1ola vigente. Para toda cuesti\u00f3n litigiosa o que incumba a este sitio web ser\u00e1n competentes los Juzgados y Tribunales de Barcelona, \u200b\u200bEspa\u00f1a.<\/p>\r\n\r\n\u2022 Asimismo, el responsable de la web se reserva el\t\t\t\t\t\t\t\t<\/div>\n\t\t\t\t<\/div>\n\t\t\t\t\t<\/div>\n\t\t<\/div>\n\t\t\t\t\t<\/div>\n\t\t<\/section>\n\t\t\t\t<\/div>\n\t\t","protected":false},"excerpt":{"rendered":"<p>Aviso Legal 1. IDENTIDAD DEL TITULAR DE LA WEB FINALIA VIAJES, S.L. con CIF B65847170, con domicilio en Igualada (Barcelona), en C\/ GIRONA 34, y correo electr\u00f3nico info@finalia.es es Titular de esta web, con dominio http:\/\/www.byebyegroup.com\/. 2. ACEPTACI\u00d3N DE LAS CONDICIONES DE USO La utilizaci\u00f3n de este sitio web atribuye al navegante, sea persona f\u00edsica [&hellip;]<\/p>\n","protected":false},"author":4,"featured_media":0,"parent":0,"menu_order":0,"comment_status":"closed","ping_status":"closed","template":"elementor_header_footer","meta":{"footnotes":""},"class_list":["post-12920","page","type-page","status-publish","hentry"],"aioseo_notices":[],"_links":{"self":[{"href":"https:\/\/byebyegroup.com\/es\/wp-json\/wp\/v2\/pages\/12920","targetHints":{"allow":["GET"]}}],"collection":[{"href":"https:\/\/byebyegroup.com\/es\/wp-json\/wp\/v2\/pages"}],"about":[{"href":"https:\/\/byebyegroup.com\/es\/wp-json\/wp\/v2\/types\/page"}],"author":[{"embeddable":true,"href":"https:\/\/byebyegroup.com\/es\/wp-json\/wp\/v2\/users\/4"}],"replies":[{"embeddable":true,"href":"https:\/\/byebyegroup.com\/es\/wp-json\/wp\/v2\/comments?post=12920"}],"version-history":[{"count":4,"href":"https:\/\/byebyegroup.com\/es\/wp-json\/wp\/v2\/pages\/12920\/revisions"}],"predecessor-version":[{"id":12931,"href":"https:\/\/byebyegroup.com\/es\/wp-json\/wp\/v2\/pages\/12920\/revisions\/12931"}],"wp:attachment":[{"href":"https:\/\/byebyegroup.com\/es\/wp-json\/wp\/v2\/media?parent=12920"}],"curies":[{"name":"wp","href":"https:\/\/api.w.org\/{rel}","templated":true}]}}