{"id":12947,"date":"2023-09-06T09:26:38","date_gmt":"2023-09-06T09:26:38","guid":{"rendered":"https:\/\/byebyegroup.com\/politica-de-cookies\/"},"modified":"2024-10-21T11:42:23","modified_gmt":"2024-10-21T11:42:23","slug":"politica-de-cookies","status":"publish","type":"page","link":"https:\/\/byebyegroup.com\/es\/politica-de-cookies\/","title":{"rendered":"Pol\u00edtica de Cookies"},"content":{"rendered":"\t\t<div data-elementor-type=\"wp-page\" data-elementor-id=\"12947\" class=\"elementor elementor-12947 elementor-10660\" data-elementor-post-type=\"page\">\n\t\t\t\t\t\t<section class=\"elementor-section elementor-top-section elementor-element elementor-element-e4448f5 elementor-section-height-min-height elementor-section-boxed elementor-section-height-default elementor-section-items-middle\" data-id=\"e4448f5\" data-element_type=\"section\" data-e-type=\"section\" data-settings=\"{&quot;background_background&quot;:&quot;classic&quot;}\">\n\t\t\t\t\t\t\t<div class=\"elementor-background-overlay\"><\/div>\n\t\t\t\t\t\t\t<div class=\"elementor-container elementor-column-gap-default\">\n\t\t\t\t\t<div class=\"elementor-column elementor-col-100 elementor-top-column elementor-element elementor-element-334d903\" data-id=\"334d903\" data-element_type=\"column\" data-e-type=\"column\">\n\t\t\t<div class=\"elementor-widget-wrap elementor-element-populated\">\n\t\t\t\t\t\t<div class=\"elementor-element elementor-element-e9ed167 elementor-widget elementor-widget-heading\" data-id=\"e9ed167\" data-element_type=\"widget\" data-e-type=\"widget\" data-widget_type=\"heading.default\">\n\t\t\t\t<div class=\"elementor-widget-container\">\n\t\t\t\t\t<h1 class=\"elementor-heading-title elementor-size-default\">Pol\u00edtica de Cookies<\/h1>\t\t\t\t<\/div>\n\t\t\t\t<\/div>\n\t\t\t\t\t<\/div>\n\t\t<\/div>\n\t\t\t\t\t<\/div>\n\t\t<\/section>\n\t\t\t\t<section class=\"elementor-section elementor-top-section elementor-element elementor-element-5763198b elementor-section-boxed elementor-section-height-default elementor-section-height-default\" data-id=\"5763198b\" data-element_type=\"section\" data-e-type=\"section\">\n\t\t\t\t\t\t<div class=\"elementor-container elementor-column-gap-default\">\n\t\t\t\t\t<div class=\"elementor-column elementor-col-100 elementor-top-column elementor-element elementor-element-2a5852f8\" data-id=\"2a5852f8\" data-element_type=\"column\" data-e-type=\"column\">\n\t\t\t<div class=\"elementor-widget-wrap elementor-element-populated\">\n\t\t\t\t\t\t<div class=\"elementor-element elementor-element-2560c66a elementor-widget elementor-widget-text-editor\" data-id=\"2560c66a\" data-element_type=\"widget\" data-e-type=\"widget\" data-widget_type=\"text-editor.default\">\n\t\t\t\t<div class=\"elementor-widget-container\">\n\t\t\t\t\t\t\t\t\t<section class=\"about-us layout-2 padding-top padding-bottom about-us-4\">\r\n<div class=\"container\">\r\n<h4 class=\"title-style-2\">1. \u00bfQU\u00c9 SON LAS COOKIES?<\/h4>\r\n<p class=\"title-style-2\">Las Cookies son peque\u00f1os archivos que se instalan en el terminal del USUARIO al visitar un sitio web con el fin de almacenar datos que podr\u00e1n ser actualizados y recuperados por el responsable de su instalaci\u00f3n. Si el USUARIO no se registra ni deja informaci\u00f3n personal en el sitio, el servidor tendr\u00e1 conocimiento de que alguien con esta cookie volvi\u00f3 al sitio web pero le ser\u00e1 imposible asociar la navegaci\u00f3n a un USUARIO concreto e identificado.<\/p>\r\n\r\n<h4 class=\"title-style-2\">2. \u00bfQU\u00c9 CLASES DE COOKIES EXISTEN?<\/h4>\r\n<p class=\"title-style-2\">Las Cookies, en funci\u00f3n de su caducidad, pueden clasificarse en Cookies de sesi\u00f3n o permanentes. Las primeras expiran cuando el usuario cierra el navegador mientras que las segundas permanecen por un tiempo superior durante el cual los datos siguen almacenados en el terminal y pueden ser accedidos y tratados.\r\nTambi\u00e9n pueden distinguirse seg\u00fan la entidad que gestione el equipo o dominio desde donde se env\u00edan las Cookies y se traten los datos que se obtengan. En este caso, se clasifican como:\r\n\u2022 Cookies propias: aquellas que se env\u00edan al equipo terminal del Usuario desde un equipo o dominio gestionado por el Titular de la Web y desde el que se presta el servicio solicitado por el propio Usuario.\r\n\u2022 Cookies de tercero: aquellas que son enviadas al equipo terminal del Usuario desde un equipo o domino que no es gestionado por el Titular de la Web, sino por otra entidad que trata los datos obtenidos a trav\u00e9s de las Cookies .\r\nLas Cookies tambi\u00e9n se pueden clasificar en funci\u00f3n de su objetivo y por tanto podemos hablar de:\r\n\u2022 Cookies T\u00e9cnicas: permiten al Usuario la navegaci\u00f3n a trav\u00e9s de una p\u00e1gina web, plataforma o aplicaci\u00f3n y la utilizaci\u00f3n de las diferentes opciones o servicios que en ella existan como, por ejemplo, controlar el tr\u00e1fico y la comunicaci\u00f3n de datos, identificar la sesi\u00f3n o realizar el proceso de compra de un pedido.\r\n\u2022 Cookies de Personalizaci\u00f3n: permiten al Usuario acceder al servicio con algunas caracter\u00edsticas de car\u00e1cter general predefinidas en funci\u00f3n de una serie de criterios en el terminal del usuario como el idioma o el tipo de navegador.\r\n\u2022 Cookies Anal\u00edticas: permiten al responsable de \u00e9stas, el seguimiento y an\u00e1lisis del comportamiento de los usuarios de los sitios web a los que est\u00e1n vinculadas. La informaci\u00f3n recabada se utiliza en la medici\u00f3n de la actividad de los sitios web, aplicaci\u00f3n o plataforma y para la elaboraci\u00f3n de perfiles de navegaci\u00f3n de los usuarios de estos sitios, aplicaciones y plataformas, con el fin de introducir mejoras en funci\u00f3n del an\u00e1lisis de los datos que realizan los usuarios del servicio.\r\n\u2022 Cookies Publicitarias: permiten la gesti\u00f3n, de la forma m\u00e1s eficaz posible de los espacios publicitarios que, en su caso, el editor haya incluido en una p\u00e1gina web, aplicaci\u00f3n o plataforma desde la que presta el servicio solicitado sobre la base de criterios como el contenido editado o la frecuencia en la que se muestran los anuncios.<\/p>\r\n\r\n<h4 class=\"title-style-2\">3. \u00bfC\u00d3MO DESACTIVAR O ELIMINAR COOKIES?<\/h4>\r\n<p class=\"title-style-2\">El Usuario podr\u00e1 configurar su navegador para que no se instalen cookies o para recibir un aviso en pantalla cada vez que una cookie quiera instalarse, pudiendo decidir en cada momento si la quiere aceptar o no. Igualmente el usuario podr\u00e1 decidir posteriormente eliminar las cookies que tenga instaladas cambiando la configuraci\u00f3n de su navegador o elimin\u00e1ndolas manualmente a trav\u00e9s del mismo. Tenga en cuenta que la eliminaci\u00f3n de cookies puede suponer una disminuci\u00f3n en la calidad o en las funcionalidades de la p\u00e1gina web. Para realizar estas operaciones, debe seguir las indicaciones del navegador que Ud. utilice:\r\nGoogle Chrome http:\/\/bit.ly\/2yxqv5l\r\nMozilla\r\nFirefox https:\/\/mzl.la\/2iiaib6\r\nSafari https:\/\/apple.co\/2khesek\r\nInternet Explorer http:\/\/bit.ly\/2k5<\/p>\r\n\r\n<h4 class=\"title-style-2\">4. \u00bfQU\u00c9 COOKIES USA ESTE SITIO WEB?<\/h4>\r\n<p class=\"title-style-2\">El sitio web http:\/\/www.byebyegroup.com\/ utiliza las siguientes Cookies:<\/p>\r\n\r\n<h4 class=\"title-style-2\">5. DEBER DE CONFIDENCIALIDAD<\/h4>\r\n<p class=\"title-style-2\">El RESPTTO garantiza la confidencialidad de los datos personales que abren en sus ficheros y adoptar\u00e1 las medidas reglamentarias que eviten, en la medida de lo posible, su alteraci\u00f3n, p\u00e9rdida, tratamiento o acceso no autorizado.<\/p>\r\n\r\n<h4 class=\"title-style-2\">6. EJERCICIO DE DERECHOS<\/h4>\r\n<p class=\"title-style-2\">El Usuario tiene derecho a acceder a sus datos personales, rectificar los datos inexactos o solicitar su supresi\u00f3n cuando los datos ya no sean necesarios. En determinadas ocasiones los interesados \u200b\u200bpodr\u00e1n solicitar la limitaci\u00f3n del tratamiento de sus datos, en cuyo caso \u00fanicamente los conservaremos para el ejercicio o la defensa de reclamaciones. El Usuario puede ejercitar sus derechos debiendo dirigir su petici\u00f3n por escrito e identific\u00e1ndose bastante a la direcci\u00f3nelectronica info@finalia.es. Tambi\u00e9n tiene derecho a retirar su consentimiento al tratamiento de sus datos personales en cualquier momento ya presentar la reclamaci\u00f3n que considere oportuna ante la Autoridad de Control.<\/P>\r\n&nbsp;\r\n<table class=\"table table-bordered\">\r\n<tbody>\r\n<tr>\r\n<td><strong>NOMBRE<\/strong><\/td>\r\n<td><strong>DOMINIO<\/strong><\/td>\r\n<td><strong>FINALIDAD<\/strong><\/td>\r\n<td><strong>CADUCIDAD<\/strong><\/td>\r\n<td><strong>TIPO<\/strong><\/td>\r\n<\/tr>\r\n<tr>\r\n<td>CONSENTO<\/td>\r\n<td>.youtube.com<\/td>\r\n<td>Sin identificar<\/td>\r\n<td>16 A\u00f1os<\/td>\r\n<td>Preferencias<\/td>\r\n<\/tr>\r\n<tr>\r\n<td>_gat_gtag_UA_58932801_6<\/td>\r\n<td>.byebyegroup.com<\/td>\r\n<td>Google establece esta cookie y se utiliza para distinguir a los usuarios.<\/td>\r\n<td>1 Dias<\/td>\r\n<td>Preferencias<\/td>\r\n<\/tr>\r\n<tr>\r\n<td>_gat_gtag_UA_119821433_1<\/td>\r\n<td>.byebyegroup.com<\/td>\r\n<td>Google establece esta cookie y se utiliza para distinguir a los usuarios.<\/td>\r\n<td>1 Dias<\/td>\r\n<td>Anal\u00edticas<\/td>\r\n<\/tr>\r\n<tr>\r\n<td>_gid<\/td>\r\n<td>.byebyegroup.com<\/td>\r\n<td>Esta cookie est\u00e1 instalada por Google Analytics. La cookie se utiliza para almacenar informaci\u00f3n sobre c\u00f3mo los visitantes usan un sitio web y ayuda a crear un informe anal\u00edtico de c\u00f3mo est\u00e1 funcionando el sitio web. Las datos recopilados, incluido el n\u00famero de visitantes, la fuente de donde proceden y las p\u00e1ginas visitadas de forma an\u00f3nima.<\/td>\r\n<td>1 Dias<\/td>\r\n<td>Anal\u00edticas<\/td>\r\n<\/tr>\r\n<tr>\r\n<td>_ga<\/td>\r\n<td>.byebyegroup.com<\/td>\r\n<td>Esta cookie est\u00e1 instalada por Google Analytics. La cookie se utiliza para calcular las datos de visitantes, sesiones y campa\u00f1as y realizar un seguimiento del uso del sitio para el informe de an\u00e1lisis del sitio. Las cookies almacenan informaci\u00f3n de forma an\u00f3nima y asignan un n\u00famero generado aleatoriamente para identificar visitantes \u00fanicos.<\/td>\r\n<td>2 A\u00f1os<\/td>\r\n<td>Anal\u00edticas<\/td>\r\n<\/tr>\r\n<\/tbody>\r\n<\/table>\r\n<\/div>\r\n<\/section><section id=\"contactenosform\" class=\"contact style-1\">\r\n<div class=\"container\">\r\n<div class=\"row\">\r\n<div class=\"wrapper-contact-style\">\r\n<div class=\"contact-wrapper-images wow fadeInLeft\" data-wow-delay=\"0.5s\"><\/div>\r\n<\/div>\r\n<\/div>\r\n<\/div>\r\n<\/section>\t\t\t\t\t\t\t\t<\/div>\n\t\t\t\t<\/div>\n\t\t\t\t\t<\/div>\n\t\t<\/div>\n\t\t\t\t\t<\/div>\n\t\t<\/section>\n\t\t\t\t<\/div>\n\t\t","protected":false},"excerpt":{"rendered":"<p>Pol\u00edtica de Cookies 1. \u00bfQU\u00c9 SON LAS COOKIES? Las Cookies son peque\u00f1os archivos que se instalan en el terminal del USUARIO al visitar un sitio web con el fin de almacenar datos que podr\u00e1n ser actualizados y recuperados por el responsable de su instalaci\u00f3n. Si el USUARIO no se registra ni deja informaci\u00f3n personal en [&hellip;]<\/p>\n","protected":false},"author":4,"featured_media":0,"parent":0,"menu_order":0,"comment_status":"closed","ping_status":"closed","template":"elementor_header_footer","meta":{"footnotes":""},"class_list":["post-12947","page","type-page","status-publish","hentry"],"aioseo_notices":[],"_links":{"self":[{"href":"https:\/\/byebyegroup.com\/es\/wp-json\/wp\/v2\/pages\/12947","targetHints":{"allow":["GET"]}}],"collection":[{"href":"https:\/\/byebyegroup.com\/es\/wp-json\/wp\/v2\/pages"}],"about":[{"href":"https:\/\/byebyegroup.com\/es\/wp-json\/wp\/v2\/types\/page"}],"author":[{"embeddable":true,"href":"https:\/\/byebyegroup.com\/es\/wp-json\/wp\/v2\/users\/4"}],"replies":[{"embeddable":true,"href":"https:\/\/byebyegroup.com\/es\/wp-json\/wp\/v2\/comments?post=12947"}],"version-history":[{"count":1,"href":"https:\/\/byebyegroup.com\/es\/wp-json\/wp\/v2\/pages\/12947\/revisions"}],"predecessor-version":[{"id":12948,"href":"https:\/\/byebyegroup.com\/es\/wp-json\/wp\/v2\/pages\/12947\/revisions\/12948"}],"wp:attachment":[{"href":"https:\/\/byebyegroup.com\/es\/wp-json\/wp\/v2\/media?parent=12947"}],"curies":[{"name":"wp","href":"https:\/\/api.w.org\/{rel}","templated":true}]}}