{"id":12964,"date":"2023-06-06T09:10:33","date_gmt":"2023-06-06T09:10:33","guid":{"rendered":"https:\/\/byebyegroup.com\/galeria\/"},"modified":"2024-10-25T07:30:52","modified_gmt":"2024-10-25T07:30:52","slug":"galeria","status":"publish","type":"page","link":"https:\/\/byebyegroup.com\/es\/galeria\/","title":{"rendered":"Galer\u00eda"},"content":{"rendered":"\t\t<div data-elementor-type=\"wp-page\" data-elementor-id=\"12964\" class=\"elementor elementor-12964 elementor-7540\" data-elementor-post-type=\"page\">\n\t\t\t\t\t\t<section class=\"elementor-section elementor-top-section elementor-element elementor-element-56b455b elementor-section-height-min-height elementor-section-boxed elementor-section-height-default elementor-section-items-middle\" data-id=\"56b455b\" data-element_type=\"section\" data-settings=\"{&quot;background_background&quot;:&quot;classic&quot;}\">\n\t\t\t\t\t\t\t<div class=\"elementor-background-overlay\"><\/div>\n\t\t\t\t\t\t\t<div class=\"elementor-container elementor-column-gap-default\">\n\t\t\t\t\t<div class=\"elementor-column elementor-col-100 elementor-top-column elementor-element elementor-element-f1420ce\" data-id=\"f1420ce\" data-element_type=\"column\">\n\t\t\t<div class=\"elementor-widget-wrap elementor-element-populated\">\n\t\t\t\t\t\t<div class=\"elementor-element elementor-element-0a2cb55 elementor-widget elementor-widget-heading\" data-id=\"0a2cb55\" data-element_type=\"widget\" data-widget_type=\"heading.default\">\n\t\t\t\t<div class=\"elementor-widget-container\">\n\t\t\t\t\t<h1 class=\"elementor-heading-title elementor-size-default\">Galer\u00eda<\/h1>\t\t\t\t<\/div>\n\t\t\t\t<\/div>\n\t\t\t\t\t<\/div>\n\t\t<\/div>\n\t\t\t\t\t<\/div>\n\t\t<\/section>\n\t\t\t\t<section class=\"elementor-section elementor-top-section elementor-element elementor-element-6a869a1 elementor-section-boxed elementor-section-height-default elementor-section-height-default\" data-id=\"6a869a1\" data-element_type=\"section\">\n\t\t\t\t\t\t<div class=\"elementor-container elementor-column-gap-default\">\n\t\t\t\t\t<div class=\"elementor-column elementor-col-100 elementor-top-column elementor-element elementor-element-17ae702\" data-id=\"17ae702\" data-element_type=\"column\">\n\t\t\t<div class=\"elementor-widget-wrap elementor-element-populated\">\n\t\t\t\t\t\t<div class=\"elementor-element elementor-element-ef78052 elementor-widget elementor-widget-heading\" data-id=\"ef78052\" data-element_type=\"widget\" data-widget_type=\"heading.default\">\n\t\t\t\t<div class=\"elementor-widget-container\">\n\t\t\t\t\t<h2 class=\"elementor-heading-title elementor-size-default\">Un vistazo<\/h2>\t\t\t\t<\/div>\n\t\t\t\t<\/div>\n\t\t\t\t<div class=\"elementor-element elementor-element-25da3fb elementor-widget elementor-widget-text-editor\" data-id=\"25da3fb\" data-element_type=\"widget\" data-widget_type=\"text-editor.default\">\n\t\t\t\t<div class=\"elementor-widget-container\">\n\t\t\t\t\t\t\t\t\t<p>Nuestros estudiantes nos env\u00edan sus experiencias en im\u00e1genes.<\/p>\n\t\t\t\t\t\t\t\t<\/div>\n\t\t\t\t<\/div>\n\t\t\t\t\t<\/div>\n\t\t<\/div>\n\t\t\t\t\t<\/div>\n\t\t<\/section>\n\t\t\t\t<section class=\"elementor-section elementor-top-section elementor-element elementor-element-dcdb62d elementor-section-boxed elementor-section-height-default elementor-section-height-default\" data-id=\"dcdb62d\" data-element_type=\"section\">\n\t\t\t\t\t\t<div class=\"elementor-container elementor-column-gap-default\">\n\t\t\t\t\t<div class=\"elementor-column elementor-col-100 elementor-top-column elementor-element elementor-element-a00695e\" data-id=\"a00695e\" data-element_type=\"column\">\n\t\t\t<div class=\"elementor-widget-wrap elementor-element-populated\">\n\t\t\t\t\t\t<div class=\"elementor-element elementor-element-bcc734a elementor-widget elementor-widget-tripgo_elementor_gallery_filter\" data-id=\"bcc734a\" data-element_type=\"widget\" data-widget_type=\"tripgo_elementor_gallery_filter.default\">\n\t\t\t\t<div class=\"elementor-widget-container\">\n\t\t\t\t\t\n\t\t\n\t\t<div class=\"ova-gallery-filter\">\n\n\t\t\t            \n            <ul class=\"filter-btn-wrapper\">\n\n                <li class=\"filter-btn active-category\" data-filter=\"*\">\n                    Totes                <\/li>\n\n                \n                    \t                \t<li class=\"filter-btn\" data-slug=\".madrid\">\n\t\t                    Madrid\t\t                <\/li>\n\t\t            \n\t            \n                    \t                \t<li class=\"filter-btn\" data-slug=\".andorra\">\n\t\t                    Andorra\t\t                <\/li>\n\t\t            \n\t            \n                    \t                \t<li class=\"filter-btn\" data-slug=\".tenerife\">\n\t\t                    Tenerife\t\t                <\/li>\n\t\t            \n\t            \n                    \t                \t<li class=\"filter-btn\" data-slug=\".asturias\">\n\t\t                    Asturias\t\t                <\/li>\n\t\t            \n\t            \n                    \t                \t<li class=\"filter-btn\" data-slug=\".menorca\">\n\t\t                    Menorca\t\t                <\/li>\n\t\t            \n\t            \n                    \t                \t<li class=\"filter-btn\" data-slug=\".roma\">\n\t\t                    Roma\t\t                <\/li>\n\t\t            \n\t            \n                    \t                \t<li class=\"filter-btn\" data-slug=\".italia\">\n\t\t                    Italia\t\t                <\/li>\n\t\t            \n\t            \n            <\/ul> \n\n            <div class=\"gallery-row\">\n\n            \t<div class=\"gallery-column three_column\">\n\n            \t\t\n\t\t            \t<div class=\"gallery-item madrid\">\n\n                                                        \t<a class=\"gallery-fancybox\" data-src=\"https:\/\/byebyegroup.com\/wp-content\/uploads\/2023\/08\/4fb27-cercedilla.jpg\" \n\t  \t\t\t\t\t\t\t\tdata-fancybox=\"gallery-filter\" \n\t  \t\t\t\t\t\t\t\tdata-caption=\"Cercedilla\">\n                            \t\t\t\t\t\t\t\t<div class=\"gallery-img\">\n\t\t\t\t\t\t\t    \t<img decoding=\"async\" src=\"https:\/\/byebyegroup.com\/wp-content\/uploads\/2023\/08\/4fb27-cercedilla.jpg\" alt=\"Cercedilla\">\n\t\t\t\t\t\t\t    \t<div class=\"icon\">\n\t\t\t\t\t\t\t\t\t\t<i aria-hidden=\"true\" class=\"ovaicon ovaicon-next-4\"><\/i>\t\t\t\t\t\t\t\t\t<\/div>\n\t\t\t\t\t\t\t\t\t<div class=\"mask\"><\/div>\n\t\t\t\t\t\t\t\t<\/div>\n\n\t\t\t\t\t\t\t<\/a>\n\n\t\t\t\t\t\t\t<h3 class=\"title\">\n\t\t\t\t\t\t\t\tCercedilla\t\t\t\t\t\t\t<\/h3>\n\t\t\t\t\t\t\t<p class=\"description\">\n\t\t\t\t\t\t\t\t\t\t\t\t\t\t\t<\/p>\n\t\t\t\t\t\t\t\n\t\t\t\t\t\t<\/div>\n\t                \n\t                \n\t\t            \t<div class=\"gallery-item andorra\">\n\n                                                        \t<a class=\"gallery-fancybox\" data-src=\"https:\/\/byebyegroup.com\/wp-content\/uploads\/2023\/08\/823c7-foto5.jpg\" \n\t  \t\t\t\t\t\t\t\tdata-fancybox=\"gallery-filter\" \n\t  \t\t\t\t\t\t\t\tdata-caption=\"Andorra\">\n                            \t\t\t\t\t\t\t\t<div class=\"gallery-img\">\n\t\t\t\t\t\t\t    \t<img decoding=\"async\" src=\"https:\/\/byebyegroup.com\/wp-content\/uploads\/2023\/08\/823c7-foto5.jpg\" alt=\"Andorra\">\n\t\t\t\t\t\t\t    \t<div class=\"icon\">\n\t\t\t\t\t\t\t\t\t\t<i aria-hidden=\"true\" class=\"ovaicon ovaicon-next-4\"><\/i>\t\t\t\t\t\t\t\t\t<\/div>\n\t\t\t\t\t\t\t\t\t<div class=\"mask\"><\/div>\n\t\t\t\t\t\t\t\t<\/div>\n\n\t\t\t\t\t\t\t<\/a>\n\n\t\t\t\t\t\t\t<h3 class=\"title\">\n\t\t\t\t\t\t\t\tAndorra\t\t\t\t\t\t\t<\/h3>\n\t\t\t\t\t\t\t<p class=\"description\">\n\t\t\t\t\t\t\t\t\t\t\t\t\t\t\t<\/p>\n\t\t\t\t\t\t\t\n\t\t\t\t\t\t<\/div>\n\t                \n\t                \n\t\t            \t<div class=\"gallery-item andorra\">\n\n                                                        \t<a class=\"gallery-fancybox\" data-src=\"https:\/\/byebyegroup.com\/wp-content\/uploads\/2023\/08\/70f76-foto4.jpg\" \n\t  \t\t\t\t\t\t\t\tdata-fancybox=\"gallery-filter\" \n\t  \t\t\t\t\t\t\t\tdata-caption=\"Andorra\">\n                            \t\t\t\t\t\t\t\t<div class=\"gallery-img\">\n\t\t\t\t\t\t\t    \t<img decoding=\"async\" src=\"https:\/\/byebyegroup.com\/wp-content\/uploads\/2023\/08\/70f76-foto4.jpg\" alt=\"Andorra\">\n\t\t\t\t\t\t\t    \t<div class=\"icon\">\n\t\t\t\t\t\t\t\t\t\t<i aria-hidden=\"true\" class=\"ovaicon ovaicon-next-4\"><\/i>\t\t\t\t\t\t\t\t\t<\/div>\n\t\t\t\t\t\t\t\t\t<div class=\"mask\"><\/div>\n\t\t\t\t\t\t\t\t<\/div>\n\n\t\t\t\t\t\t\t<\/a>\n\n\t\t\t\t\t\t\t<h3 class=\"title\">\n\t\t\t\t\t\t\t\tAndorra\t\t\t\t\t\t\t<\/h3>\n\t\t\t\t\t\t\t<p class=\"description\">\n\t\t\t\t\t\t\t\t\t\t\t\t\t\t\t<\/p>\n\t\t\t\t\t\t\t\n\t\t\t\t\t\t<\/div>\n\t                \n\t                \n\t\t            \t<div class=\"gallery-item tenerife\">\n\n                                                        \t<a class=\"gallery-fancybox\" data-src=\"https:\/\/byebyegroup.com\/wp-content\/uploads\/2023\/08\/bceaf-foto3.jpg\" \n\t  \t\t\t\t\t\t\t\tdata-fancybox=\"gallery-filter\" \n\t  \t\t\t\t\t\t\t\tdata-caption=\"Tenerife\">\n                            \t\t\t\t\t\t\t\t<div class=\"gallery-img\">\n\t\t\t\t\t\t\t    \t<img decoding=\"async\" src=\"https:\/\/byebyegroup.com\/wp-content\/uploads\/2023\/08\/bceaf-foto3.jpg\" alt=\"Tenerife\">\n\t\t\t\t\t\t\t    \t<div class=\"icon\">\n\t\t\t\t\t\t\t\t\t\t<i aria-hidden=\"true\" class=\"ovaicon ovaicon-next-4\"><\/i>\t\t\t\t\t\t\t\t\t<\/div>\n\t\t\t\t\t\t\t\t\t<div class=\"mask\"><\/div>\n\t\t\t\t\t\t\t\t<\/div>\n\n\t\t\t\t\t\t\t<\/a>\n\n\t\t\t\t\t\t\t<h3 class=\"title\">\n\t\t\t\t\t\t\t\tTenerife\t\t\t\t\t\t\t<\/h3>\n\t\t\t\t\t\t\t<p class=\"description\">\n\t\t\t\t\t\t\t\t\t\t\t\t\t\t\t<\/p>\n\t\t\t\t\t\t\t\n\t\t\t\t\t\t<\/div>\n\t                \n\t                \n\t\t            \t<div class=\"gallery-item asturias\">\n\n                                                        \t<a class=\"gallery-fancybox\" data-src=\"https:\/\/byebyegroup.com\/wp-content\/uploads\/2023\/08\/a33ac-foto2.jpg\" \n\t  \t\t\t\t\t\t\t\tdata-fancybox=\"gallery-filter\" \n\t  \t\t\t\t\t\t\t\tdata-caption=\"Asturias\">\n                            \t\t\t\t\t\t\t\t<div class=\"gallery-img\">\n\t\t\t\t\t\t\t    \t<img decoding=\"async\" src=\"https:\/\/byebyegroup.com\/wp-content\/uploads\/2023\/08\/a33ac-foto2.jpg\" alt=\"Asturias\">\n\t\t\t\t\t\t\t    \t<div class=\"icon\">\n\t\t\t\t\t\t\t\t\t\t<i aria-hidden=\"true\" class=\"ovaicon ovaicon-next-4\"><\/i>\t\t\t\t\t\t\t\t\t<\/div>\n\t\t\t\t\t\t\t\t\t<div class=\"mask\"><\/div>\n\t\t\t\t\t\t\t\t<\/div>\n\n\t\t\t\t\t\t\t<\/a>\n\n\t\t\t\t\t\t\t<h3 class=\"title\">\n\t\t\t\t\t\t\t\tAsturias\t\t\t\t\t\t\t<\/h3>\n\t\t\t\t\t\t\t<p class=\"description\">\n\t\t\t\t\t\t\t\t\t\t\t\t\t\t\t<\/p>\n\t\t\t\t\t\t\t\n\t\t\t\t\t\t<\/div>\n\t                \n\t                \n\t\t            \t<div class=\"gallery-item menorca\">\n\n                                                        \t<a class=\"gallery-fancybox\" data-src=\"https:\/\/byebyegroup.com\/wp-content\/uploads\/2023\/08\/4650a-foto1.jpg\" \n\t  \t\t\t\t\t\t\t\tdata-fancybox=\"gallery-filter\" \n\t  \t\t\t\t\t\t\t\tdata-caption=\"De viaje\">\n                            \t\t\t\t\t\t\t\t<div class=\"gallery-img\">\n\t\t\t\t\t\t\t    \t<img decoding=\"async\" src=\"https:\/\/byebyegroup.com\/wp-content\/uploads\/2023\/08\/4650a-foto1.jpg\" alt=\"De viaje\">\n\t\t\t\t\t\t\t    \t<div class=\"icon\">\n\t\t\t\t\t\t\t\t\t\t<i aria-hidden=\"true\" class=\"ovaicon ovaicon-next-4\"><\/i>\t\t\t\t\t\t\t\t\t<\/div>\n\t\t\t\t\t\t\t\t\t<div class=\"mask\"><\/div>\n\t\t\t\t\t\t\t\t<\/div>\n\n\t\t\t\t\t\t\t<\/a>\n\n\t\t\t\t\t\t\t<h3 class=\"title\">\n\t\t\t\t\t\t\t\tDe viaje\t\t\t\t\t\t\t<\/h3>\n\t\t\t\t\t\t\t<p class=\"description\">\n\t\t\t\t\t\t\t\t\t\t\t\t\t\t\t<\/p>\n\t\t\t\t\t\t\t\n\t\t\t\t\t\t<\/div>\n\t                \n\t                \n\t\t            \t<div class=\"gallery-item roma\">\n\n                                                        \t<a class=\"gallery-fancybox\" data-src=\"https:\/\/byebyegroup.com\/wp-content\/uploads\/2023\/08\/d3107-e.jpg\" \n\t  \t\t\t\t\t\t\t\tdata-fancybox=\"gallery-filter\" \n\t  \t\t\t\t\t\t\t\tdata-caption=\"Fontana di Trevi\">\n                            \t\t\t\t\t\t\t\t<div class=\"gallery-img\">\n\t\t\t\t\t\t\t    \t<img decoding=\"async\" src=\"https:\/\/byebyegroup.com\/wp-content\/uploads\/2023\/08\/d3107-e-768x452.jpg\" alt=\"Fontana di Trevi\">\n\t\t\t\t\t\t\t    \t<div class=\"icon\">\n\t\t\t\t\t\t\t\t\t\t<i aria-hidden=\"true\" class=\"ovaicon ovaicon-next-4\"><\/i>\t\t\t\t\t\t\t\t\t<\/div>\n\t\t\t\t\t\t\t\t\t<div class=\"mask\"><\/div>\n\t\t\t\t\t\t\t\t<\/div>\n\n\t\t\t\t\t\t\t<\/a>\n\n\t\t\t\t\t\t\t<h3 class=\"title\">\n\t\t\t\t\t\t\t\tFontana di Trevi\t\t\t\t\t\t\t<\/h3>\n\t\t\t\t\t\t\t<p class=\"description\">\n\t\t\t\t\t\t\t\t\t\t\t\t\t\t\t<\/p>\n\t\t\t\t\t\t\t\n\t\t\t\t\t\t<\/div>\n\t                \n\t                \n\t\t            \t<div class=\"gallery-item roma\">\n\n                                                        \t<a class=\"gallery-fancybox\" data-src=\"https:\/\/byebyegroup.com\/wp-content\/uploads\/2023\/08\/bce69-d.jpg\" \n\t  \t\t\t\t\t\t\t\tdata-fancybox=\"gallery-filter\" \n\t  \t\t\t\t\t\t\t\tdata-caption=\"Coliseo\">\n                            \t\t\t\t\t\t\t\t<div class=\"gallery-img\">\n\t\t\t\t\t\t\t    \t<img decoding=\"async\" src=\"https:\/\/byebyegroup.com\/wp-content\/uploads\/2023\/08\/bce69-d-768x452.jpg\" alt=\"Coliseo\">\n\t\t\t\t\t\t\t    \t<div class=\"icon\">\n\t\t\t\t\t\t\t\t\t\t<i aria-hidden=\"true\" class=\"ovaicon ovaicon-next-4\"><\/i>\t\t\t\t\t\t\t\t\t<\/div>\n\t\t\t\t\t\t\t\t\t<div class=\"mask\"><\/div>\n\t\t\t\t\t\t\t\t<\/div>\n\n\t\t\t\t\t\t\t<\/a>\n\n\t\t\t\t\t\t\t<h3 class=\"title\">\n\t\t\t\t\t\t\t\tColiseo\t\t\t\t\t\t\t<\/h3>\n\t\t\t\t\t\t\t<p class=\"description\">\n\t\t\t\t\t\t\t\t\t\t\t\t\t\t\t<\/p>\n\t\t\t\t\t\t\t\n\t\t\t\t\t\t<\/div>\n\t                \n\t                \n\t\t            \t<div class=\"gallery-item roma\">\n\n                                                        \t<a class=\"gallery-fancybox\" data-src=\"https:\/\/byebyegroup.com\/wp-content\/uploads\/2023\/08\/ae7d5-c.jpg\" \n\t  \t\t\t\t\t\t\t\tdata-fancybox=\"gallery-filter\" \n\t  \t\t\t\t\t\t\t\tdata-caption=\"Roma\">\n                            \t\t\t\t\t\t\t\t<div class=\"gallery-img\">\n\t\t\t\t\t\t\t    \t<img decoding=\"async\" src=\"https:\/\/byebyegroup.com\/wp-content\/uploads\/2023\/08\/ae7d5-c-768x452.jpg\" alt=\"Roma\">\n\t\t\t\t\t\t\t    \t<div class=\"icon\">\n\t\t\t\t\t\t\t\t\t\t<i aria-hidden=\"true\" class=\"ovaicon ovaicon-next-4\"><\/i>\t\t\t\t\t\t\t\t\t<\/div>\n\t\t\t\t\t\t\t\t\t<div class=\"mask\"><\/div>\n\t\t\t\t\t\t\t\t<\/div>\n\n\t\t\t\t\t\t\t<\/a>\n\n\t\t\t\t\t\t\t<h3 class=\"title\">\n\t\t\t\t\t\t\t\tRoma\t\t\t\t\t\t\t<\/h3>\n\t\t\t\t\t\t\t<p class=\"description\">\n\t\t\t\t\t\t\t\t\t\t\t\t\t\t\t<\/p>\n\t\t\t\t\t\t\t\n\t\t\t\t\t\t<\/div>\n\t                \n\t                \n\t\t            \t<div class=\"gallery-item roma\">\n\n                                                        \t<a class=\"gallery-fancybox\" data-src=\"https:\/\/byebyegroup.com\/wp-content\/uploads\/2023\/08\/7c707-a.jpg\" \n\t  \t\t\t\t\t\t\t\tdata-fancybox=\"gallery-filter\" \n\t  \t\t\t\t\t\t\t\tdata-caption=\"Roma\">\n                            \t\t\t\t\t\t\t\t<div class=\"gallery-img\">\n\t\t\t\t\t\t\t    \t<img decoding=\"async\" src=\"https:\/\/byebyegroup.com\/wp-content\/uploads\/2023\/08\/7c707-a-768x452.jpg\" alt=\"Roma\">\n\t\t\t\t\t\t\t    \t<div class=\"icon\">\n\t\t\t\t\t\t\t\t\t\t<i aria-hidden=\"true\" class=\"ovaicon ovaicon-next-4\"><\/i>\t\t\t\t\t\t\t\t\t<\/div>\n\t\t\t\t\t\t\t\t\t<div class=\"mask\"><\/div>\n\t\t\t\t\t\t\t\t<\/div>\n\n\t\t\t\t\t\t\t<\/a>\n\n\t\t\t\t\t\t\t<h3 class=\"title\">\n\t\t\t\t\t\t\t\tRoma\t\t\t\t\t\t\t<\/h3>\n\t\t\t\t\t\t\t<p class=\"description\">\n\t\t\t\t\t\t\t\t\t\t\t\t\t\t\t<\/p>\n\t\t\t\t\t\t\t\n\t\t\t\t\t\t<\/div>\n\t                \n\t                \n\t\t            \t<div class=\"gallery-item italia\">\n\n                                                        \t<a class=\"gallery-fancybox\" data-src=\"https:\/\/byebyegroup.com\/wp-content\/uploads\/2023\/08\/677d7-q.jpg\" \n\t  \t\t\t\t\t\t\t\tdata-fancybox=\"gallery-filter\" \n\t  \t\t\t\t\t\t\t\tdata-caption=\"Italia\">\n                            \t\t\t\t\t\t\t\t<div class=\"gallery-img\">\n\t\t\t\t\t\t\t    \t<img decoding=\"async\" src=\"https:\/\/byebyegroup.com\/wp-content\/uploads\/2023\/08\/677d7-q-768x452.jpg\" alt=\"Italia\">\n\t\t\t\t\t\t\t    \t<div class=\"icon\">\n\t\t\t\t\t\t\t\t\t\t<i aria-hidden=\"true\" class=\"ovaicon ovaicon-next-4\"><\/i>\t\t\t\t\t\t\t\t\t<\/div>\n\t\t\t\t\t\t\t\t\t<div class=\"mask\"><\/div>\n\t\t\t\t\t\t\t\t<\/div>\n\n\t\t\t\t\t\t\t<\/a>\n\n\t\t\t\t\t\t\t<h3 class=\"title\">\n\t\t\t\t\t\t\t\tItalia\t\t\t\t\t\t\t<\/h3>\n\t\t\t\t\t\t\t<p class=\"description\">\n\t\t\t\t\t\t\t\t\t\t\t\t\t\t\t<\/p>\n\t\t\t\t\t\t\t\n\t\t\t\t\t\t<\/div>\n\t                \n\t                \n\t\t            \t<div class=\"gallery-item italia\">\n\n                                                        \t<a class=\"gallery-fancybox\" data-src=\"https:\/\/byebyegroup.com\/wp-content\/uploads\/2023\/08\/565c2-b.jpg\" \n\t  \t\t\t\t\t\t\t\tdata-fancybox=\"gallery-filter\" \n\t  \t\t\t\t\t\t\t\tdata-caption=\"Italia\">\n                            \t\t\t\t\t\t\t\t<div class=\"gallery-img\">\n\t\t\t\t\t\t\t    \t<img decoding=\"async\" src=\"https:\/\/byebyegroup.com\/wp-content\/uploads\/2023\/08\/565c2-b-768x452.jpg\" alt=\"Italia\">\n\t\t\t\t\t\t\t    \t<div class=\"icon\">\n\t\t\t\t\t\t\t\t\t\t<i aria-hidden=\"true\" class=\"ovaicon ovaicon-next-4\"><\/i>\t\t\t\t\t\t\t\t\t<\/div>\n\t\t\t\t\t\t\t\t\t<div class=\"mask\"><\/div>\n\t\t\t\t\t\t\t\t<\/div>\n\n\t\t\t\t\t\t\t<\/a>\n\n\t\t\t\t\t\t\t<h3 class=\"title\">\n\t\t\t\t\t\t\t\tItalia\t\t\t\t\t\t\t<\/h3>\n\t\t\t\t\t\t\t<p class=\"description\">\n\t\t\t\t\t\t\t\t\t\t\t\t\t\t\t<\/p>\n\t\t\t\t\t\t\t\n\t\t\t\t\t\t<\/div>\n\t                \n\t                \n\t\t            \t<div class=\"gallery-item madrid\">\n\n                                                        \t<a class=\"gallery-fancybox\" data-src=\"https:\/\/byebyegroup.com\/wp-content\/uploads\/2023\/08\/8732f-warner.jpg\" \n\t  \t\t\t\t\t\t\t\tdata-fancybox=\"gallery-filter\" \n\t  \t\t\t\t\t\t\t\tdata-caption=\"Parc Warner\">\n                            \t\t\t\t\t\t\t\t<div class=\"gallery-img\">\n\t\t\t\t\t\t\t    \t<img decoding=\"async\" src=\"https:\/\/byebyegroup.com\/wp-content\/uploads\/2023\/08\/8732f-warner-768x420.jpg\" alt=\"Parc Warner\">\n\t\t\t\t\t\t\t    \t<div class=\"icon\">\n\t\t\t\t\t\t\t\t\t\t<i aria-hidden=\"true\" class=\"ovaicon ovaicon-next-4\"><\/i>\t\t\t\t\t\t\t\t\t<\/div>\n\t\t\t\t\t\t\t\t\t<div class=\"mask\"><\/div>\n\t\t\t\t\t\t\t\t<\/div>\n\n\t\t\t\t\t\t\t<\/a>\n\n\t\t\t\t\t\t\t<h3 class=\"title\">\n\t\t\t\t\t\t\t\tParc Warner\t\t\t\t\t\t\t<\/h3>\n\t\t\t\t\t\t\t<p class=\"description\">\n\t\t\t\t\t\t\t\t\t\t\t\t\t\t\t<\/p>\n\t\t\t\t\t\t\t\n\t\t\t\t\t\t<\/div>\n\t                \n\t                \n\t\t            \t<div class=\"gallery-item madrid\">\n\n                                                        \t<a class=\"gallery-fancybox\" data-src=\"https:\/\/byebyegroup.com\/wp-content\/uploads\/2023\/08\/37979-teleferic.jpg\" \n\t  \t\t\t\t\t\t\t\tdata-fancybox=\"gallery-filter\" \n\t  \t\t\t\t\t\t\t\tdata-caption=\"Telef\u00e9rico\">\n                            \t\t\t\t\t\t\t\t<div class=\"gallery-img\">\n\t\t\t\t\t\t\t    \t<img decoding=\"async\" src=\"https:\/\/byebyegroup.com\/wp-content\/uploads\/2023\/08\/37979-teleferic-768x650.jpg\" alt=\"Telef\u00e9rico\">\n\t\t\t\t\t\t\t    \t<div class=\"icon\">\n\t\t\t\t\t\t\t\t\t\t<i aria-hidden=\"true\" class=\"ovaicon ovaicon-next-4\"><\/i>\t\t\t\t\t\t\t\t\t<\/div>\n\t\t\t\t\t\t\t\t\t<div class=\"mask\"><\/div>\n\t\t\t\t\t\t\t\t<\/div>\n\n\t\t\t\t\t\t\t<\/a>\n\n\t\t\t\t\t\t\t<h3 class=\"title\">\n\t\t\t\t\t\t\t\tTelef\u00e9rico\t\t\t\t\t\t\t<\/h3>\n\t\t\t\t\t\t\t<p class=\"description\">\n\t\t\t\t\t\t\t\t\t\t\t\t\t\t\t<\/p>\n\t\t\t\t\t\t\t\n\t\t\t\t\t\t<\/div>\n\t                \n\t                \n\t            <\/div>\n\n            <\/div>\n\n        <\/div>\n\n        \t\t\t\t<\/div>\n\t\t\t\t<\/div>\n\t\t\t\t\t<\/div>\n\t\t<\/div>\n\t\t\t\t\t<\/div>\n\t\t<\/section>\n\t\t\t\t<\/div>\n\t\t","protected":false},"excerpt":{"rendered":"<p>Galer\u00eda Un vistazo Nuestros estudiantes nos env\u00edan sus experiencias en im\u00e1genes. Totes Madrid Andorra Tenerife Asturias Menorca Roma Italia Cercedilla Andorra Andorra Tenerife Asturias De viaje Fontana di Trevi Coliseo Roma Roma Italia Italia Parc Warner Telef\u00e9rico<\/p>\n","protected":false},"author":4,"featured_media":0,"parent":0,"menu_order":0,"comment_status":"closed","ping_status":"closed","template":"elementor_header_footer","meta":{"footnotes":""},"class_list":["post-12964","page","type-page","status-publish","hentry"],"aioseo_notices":[],"_links":{"self":[{"href":"https:\/\/byebyegroup.com\/es\/wp-json\/wp\/v2\/pages\/12964","targetHints":{"allow":["GET"]}}],"collection":[{"href":"https:\/\/byebyegroup.com\/es\/wp-json\/wp\/v2\/pages"}],"about":[{"href":"https:\/\/byebyegroup.com\/es\/wp-json\/wp\/v2\/types\/page"}],"author":[{"embeddable":true,"href":"https:\/\/byebyegroup.com\/es\/wp-json\/wp\/v2\/users\/4"}],"replies":[{"embeddable":true,"href":"https:\/\/byebyegroup.com\/es\/wp-json\/wp\/v2\/comments?post=12964"}],"version-history":[{"count":11,"href":"https:\/\/byebyegroup.com\/es\/wp-json\/wp\/v2\/pages\/12964\/revisions"}],"predecessor-version":[{"id":13038,"href":"https:\/\/byebyegroup.com\/es\/wp-json\/wp\/v2\/pages\/12964\/revisions\/13038"}],"wp:attachment":[{"href":"https:\/\/byebyegroup.com\/es\/wp-json\/wp\/v2\/media?parent=12964"}],"curies":[{"name":"wp","href":"https:\/\/api.w.org\/{rel}","templated":true}]}}