{"id":13008,"date":"2022-08-05T12:35:08","date_gmt":"2022-08-05T12:35:08","guid":{"rendered":"https:\/\/byebyegroup.com\/product\/esquiada-en-la-molina\/"},"modified":"2025-09-04T18:09:33","modified_gmt":"2025-09-04T18:09:33","slug":"esquiada-en-la-molina","status":"publish","type":"product","link":"https:\/\/byebyegroup.com\/es\/producto\/esquiada-en-la-molina\/","title":{"rendered":"Esquiada en La Molina"},"content":{"rendered":"<p>Disfruta del esqu\u00ed en una de las mejores estaciones de esqu\u00ed de Catalu\u00f1a.<\/p>\n","protected":false},"excerpt":{"rendered":"<p>Disfruta del esqu\u00ed en una de las mejores estaciones de esqu\u00ed de Catalu\u00f1a.<\/p>\n","protected":false},"featured_media":12808,"template":"","meta":[],"product_brand":[],"product_cat":[67],"product_tag":[],"transporte":[69],"class_list":{"0":"post-13008","1":"product","2":"type-product","3":"status-publish","4":"has-post-thumbnail","6":"product_cat-nacionales","7":"transporte-autocar-es","9":"first","10":"instock","11":"featured","12":"shipping-taxable","13":"product-type-ovabrw_car_rental"},"aioseo_notices":[],"_links":{"self":[{"href":"https:\/\/byebyegroup.com\/es\/wp-json\/wp\/v2\/product\/13008","targetHints":{"allow":["GET"]}}],"collection":[{"href":"https:\/\/byebyegroup.com\/es\/wp-json\/wp\/v2\/product"}],"about":[{"href":"https:\/\/byebyegroup.com\/es\/wp-json\/wp\/v2\/types\/product"}],"wp:featuredmedia":[{"embeddable":true,"href":"https:\/\/byebyegroup.com\/es\/wp-json\/wp\/v2\/media\/12808"}],"wp:attachment":[{"href":"https:\/\/byebyegroup.com\/es\/wp-json\/wp\/v2\/media?parent=13008"}],"wp:term":[{"taxonomy":"product_brand","embeddable":true,"href":"https:\/\/byebyegroup.com\/es\/wp-json\/wp\/v2\/product_brand?post=13008"},{"taxonomy":"product_cat","embeddable":true,"href":"https:\/\/byebyegroup.com\/es\/wp-json\/wp\/v2\/product_cat?post=13008"},{"taxonomy":"product_tag","embeddable":true,"href":"https:\/\/byebyegroup.com\/es\/wp-json\/wp\/v2\/product_tag?post=13008"},{"taxonomy":"transporte","embeddable":true,"href":"https:\/\/byebyegroup.com\/es\/wp-json\/wp\/v2\/transporte?post=13008"}],"curies":[{"name":"wp","href":"https:\/\/api.w.org\/{rel}","templated":true}]}}