{"id":13010,"date":"2022-08-09T08:29:58","date_gmt":"2022-08-09T08:29:58","guid":{"rendered":"https:\/\/byebyegroup.com\/product\/excursion-a-port-aventura\/"},"modified":"2025-09-04T18:09:53","modified_gmt":"2025-09-04T18:09:53","slug":"excursion-a-port-aventura","status":"publish","type":"product","link":"https:\/\/byebyegroup.com\/es\/producto\/excursion-a-port-aventura\/","title":{"rendered":"Excursi\u00f3n a Port Aventura"},"content":{"rendered":"<p>TRASLADO + ENTRADA + COMIDA<\/p>\n<p style=\"font-weight: 400;\">Viviremos una jornada emocionante en uno de los mejores parques tem\u00e1ticos de la costa mediterr\u00e1nea.<\/p>\n<p style=\"font-weight: 400;\">Viajar\u00e1s por diferentes continentes, te sumergir\u00e1s en un mundo m\u00e1gico y lleno de adrenalina con sus atracciones.<\/p>\n<p style=\"font-weight: 400;\">Almuerzo incluido en el parque.<\/p>\n<p style=\"fuente-weight: 400;\">\n","protected":false},"excerpt":{"rendered":"<p>Viviremos una jornada emocionante en uno de los mejores parques tem\u00e1ticos de la costa mediterr\u00e1nea.<\/p>\n<p>Viajar\u00e1s por diferentes continentes, te sumergir\u00e1s en un mundo m\u00e1gico y lleno de adrenalina con sus atracciones.<\/p>\n<p>Almuerzo incluido en el parque.<\/p>\n","protected":false},"featured_media":12499,"template":"","meta":[],"product_brand":[],"product_cat":[75],"product_tag":[],"transporte":[69],"class_list":{"0":"post-13010","1":"product","2":"type-product","3":"status-publish","4":"has-post-thumbnail","6":"product_cat-excursiones-1-dia","7":"transporte-autocar-es","9":"first","10":"instock","11":"featured","12":"shipping-taxable","13":"product-type-ovabrw_car_rental"},"aioseo_notices":[],"_links":{"self":[{"href":"https:\/\/byebyegroup.com\/es\/wp-json\/wp\/v2\/product\/13010","targetHints":{"allow":["GET"]}}],"collection":[{"href":"https:\/\/byebyegroup.com\/es\/wp-json\/wp\/v2\/product"}],"about":[{"href":"https:\/\/byebyegroup.com\/es\/wp-json\/wp\/v2\/types\/product"}],"wp:featuredmedia":[{"embeddable":true,"href":"https:\/\/byebyegroup.com\/es\/wp-json\/wp\/v2\/media\/12499"}],"wp:attachment":[{"href":"https:\/\/byebyegroup.com\/es\/wp-json\/wp\/v2\/media?parent=13010"}],"wp:term":[{"taxonomy":"product_brand","embeddable":true,"href":"https:\/\/byebyegroup.com\/es\/wp-json\/wp\/v2\/product_brand?post=13010"},{"taxonomy":"product_cat","embeddable":true,"href":"https:\/\/byebyegroup.com\/es\/wp-json\/wp\/v2\/product_cat?post=13010"},{"taxonomy":"product_tag","embeddable":true,"href":"https:\/\/byebyegroup.com\/es\/wp-json\/wp\/v2\/product_tag?post=13010"},{"taxonomy":"transporte","embeddable":true,"href":"https:\/\/byebyegroup.com\/es\/wp-json\/wp\/v2\/transporte?post=13010"}],"curies":[{"name":"wp","href":"https:\/\/api.w.org\/{rel}","templated":true}]}}