{"id":13011,"date":"2022-08-09T09:55:20","date_gmt":"2022-08-09T09:55:20","guid":{"rendered":"https:\/\/byebyegroup.com\/product\/fin-de-curso-en-paris\/"},"modified":"2025-09-04T18:10:05","modified_gmt":"2025-09-04T18:10:05","slug":"fin-de-curso-en-paris","status":"publish","type":"product","link":"https:\/\/byebyegroup.com\/es\/producto\/fin-de-curso-en-paris\/","title":{"rendered":"Fin de Curso en Par\u00eds"},"content":{"rendered":"<p>&nbsp;<\/p>\n<p>Visita la ciudad del amor en este viaje de 5 d\u00edas en el que descubrir\u00e1s los rincones m\u00e1s bonitos de Par\u00eds.<\/p>\n<hr \/>\n<h2>Hotel\/es<\/h2>\n<p>Alojamiento seg\u00fan disponibilidad.<\/p>\n","protected":false},"excerpt":{"rendered":"<p>&nbsp; Visita la ciudad del amor en este viaje de 5 d\u00edas en el que descubrir\u00e1s los rincones m\u00e1s bonitos de Par\u00eds. Hotel\/es Alojamiento seg\u00fan disponibilidad.<\/p>\n","protected":false},"featured_media":12805,"template":"","meta":[],"product_brand":[],"product_cat":[73],"product_tag":[],"transporte":[69],"class_list":{"0":"post-13011","1":"product","2":"type-product","3":"status-publish","4":"has-post-thumbnail","6":"product_cat-internacionales","7":"transporte-autocar-es","9":"first","10":"instock","11":"featured","12":"shipping-taxable","13":"product-type-ovabrw_car_rental"},"aioseo_notices":[],"_links":{"self":[{"href":"https:\/\/byebyegroup.com\/es\/wp-json\/wp\/v2\/product\/13011","targetHints":{"allow":["GET"]}}],"collection":[{"href":"https:\/\/byebyegroup.com\/es\/wp-json\/wp\/v2\/product"}],"about":[{"href":"https:\/\/byebyegroup.com\/es\/wp-json\/wp\/v2\/types\/product"}],"wp:featuredmedia":[{"embeddable":true,"href":"https:\/\/byebyegroup.com\/es\/wp-json\/wp\/v2\/media\/12805"}],"wp:attachment":[{"href":"https:\/\/byebyegroup.com\/es\/wp-json\/wp\/v2\/media?parent=13011"}],"wp:term":[{"taxonomy":"product_brand","embeddable":true,"href":"https:\/\/byebyegroup.com\/es\/wp-json\/wp\/v2\/product_brand?post=13011"},{"taxonomy":"product_cat","embeddable":true,"href":"https:\/\/byebyegroup.com\/es\/wp-json\/wp\/v2\/product_cat?post=13011"},{"taxonomy":"product_tag","embeddable":true,"href":"https:\/\/byebyegroup.com\/es\/wp-json\/wp\/v2\/product_tag?post=13011"},{"taxonomy":"transporte","embeddable":true,"href":"https:\/\/byebyegroup.com\/es\/wp-json\/wp\/v2\/transporte?post=13011"}],"curies":[{"name":"wp","href":"https:\/\/api.w.org\/{rel}","templated":true}]}}