{"id":13012,"date":"2022-08-09T10:54:08","date_gmt":"2022-08-09T10:54:08","guid":{"rendered":"https:\/\/byebyegroup.com\/product\/13012\/"},"modified":"2025-09-04T18:10:20","modified_gmt":"2025-09-04T18:10:20","slug":"fin-de-curso-en-sur-francia","status":"publish","type":"product","link":"https:\/\/byebyegroup.com\/es\/producto\/fin-de-curso-en-sur-francia\/","title":{"rendered":"Fin de Curso en Sur Francia"},"content":{"rendered":"<p>&nbsp;<\/p>\n<p>Visita el sud de Fran\u00e7a en aquest viatge de 4 dies on descobrir\u00e0s els racons m\u00e9s bonics de la zona.<\/p>\n<hr \/>\n<h2>Hotel\/s<\/h2>\n<p>Allotjament segons disponibilitat.<\/p>\n","protected":false},"excerpt":{"rendered":"<p>&nbsp; Visita el sud de Fran\u00e7a en aquest viatge de 4 dies on descobrir\u00e0s els racons m\u00e9s bonics de la zona. Hotel\/s Allotjament segons disponibilitat.<\/p>\n","protected":false},"featured_media":12796,"template":"","meta":[],"product_brand":[],"product_cat":[73],"product_tag":[],"transporte":[69],"class_list":{"0":"post-13012","1":"product","2":"type-product","3":"status-publish","4":"has-post-thumbnail","6":"product_cat-internacionales","7":"transporte-autocar-es","9":"first","10":"instock","11":"featured","12":"shipping-taxable","13":"product-type-ovabrw_car_rental"},"aioseo_notices":[],"_links":{"self":[{"href":"https:\/\/byebyegroup.com\/es\/wp-json\/wp\/v2\/product\/13012","targetHints":{"allow":["GET"]}}],"collection":[{"href":"https:\/\/byebyegroup.com\/es\/wp-json\/wp\/v2\/product"}],"about":[{"href":"https:\/\/byebyegroup.com\/es\/wp-json\/wp\/v2\/types\/product"}],"wp:featuredmedia":[{"embeddable":true,"href":"https:\/\/byebyegroup.com\/es\/wp-json\/wp\/v2\/media\/12796"}],"wp:attachment":[{"href":"https:\/\/byebyegroup.com\/es\/wp-json\/wp\/v2\/media?parent=13012"}],"wp:term":[{"taxonomy":"product_brand","embeddable":true,"href":"https:\/\/byebyegroup.com\/es\/wp-json\/wp\/v2\/product_brand?post=13012"},{"taxonomy":"product_cat","embeddable":true,"href":"https:\/\/byebyegroup.com\/es\/wp-json\/wp\/v2\/product_cat?post=13012"},{"taxonomy":"product_tag","embeddable":true,"href":"https:\/\/byebyegroup.com\/es\/wp-json\/wp\/v2\/product_tag?post=13012"},{"taxonomy":"transporte","embeddable":true,"href":"https:\/\/byebyegroup.com\/es\/wp-json\/wp\/v2\/transporte?post=13012"}],"curies":[{"name":"wp","href":"https:\/\/api.w.org\/{rel}","templated":true}]}}